{"id":8,"date":"2021-12-17T09:06:27","date_gmt":"2021-12-17T08:06:27","guid":{"rendered":"https:\/\/riversea.pl\/?page_id=8"},"modified":"2026-01-30T14:51:51","modified_gmt":"2026-01-30T13:51:51","slug":"about-us","status":"publish","type":"page","link":"https:\/\/wojkow.pl\/en\/","title":{"rendered":"About"},"content":{"rendered":"","protected":false},"excerpt":{"rendered":"","protected":false},"author":3,"featured_media":0,"parent":0,"menu_order":0,"comment_status":"closed","ping_status":"closed","template":"","meta":{"_acf_changed":false,"footnotes":""},"class_list":["post-8","page","type-page","status-publish","hentry"],"acf":[],"yoast_head":"<!-- This site is optimized with the Yoast SEO plugin v27.2 - https:\/\/yoast.com\/product\/yoast-seo-wordpress\/ -->\n<title>Wojkow.pl - noclegi i pobyty grupowe w Karkonoszach<\/title>\n<meta name=\"description\" content=\"Zapraszamy do O\u015brodka Wojk\u00f3w w Kowarach! Komfortowe noclegi blisko Karpacza z widokiem na \u015anie\u017ck\u0119. Idealne miejsce na wypoczynek w Karkonoszach. Sprawd\u017a ofert\u0119!\" \/>\n<meta name=\"robots\" content=\"index, follow, max-snippet:-1, max-image-preview:large, max-video-preview:-1\" \/>\n<link rel=\"canonical\" href=\"https:\/\/wojkow.pl\/en\/\" \/>\n<meta property=\"og:locale\" content=\"en_GB\" \/>\n<meta property=\"og:type\" content=\"article\" \/>\n<meta property=\"og:title\" content=\"Wojkow.pl - noclegi i pobyty grupowe w Karkonoszach\" \/>\n<meta property=\"og:description\" content=\"Zapraszamy do O\u015brodka Wojk\u00f3w w Kowarach! Komfortowe noclegi blisko Karpacza z widokiem na \u015anie\u017ck\u0119. Idealne miejsce na wypoczynek w Karkonoszach. Sprawd\u017a ofert\u0119!\" \/>\n<meta property=\"og:url\" content=\"https:\/\/wojkow.pl\/en\/\" \/>\n<meta property=\"og:site_name\" content=\"Wojkow.pl\" \/>\n<meta property=\"article:modified_time\" content=\"2026-01-30T13:51:51+00:00\" \/>\n<meta name=\"twitter:card\" content=\"summary_large_image\" \/>\n<meta name=\"twitter:label1\" content=\"Estimated reading time\" \/>\n\t<meta name=\"twitter:data1\" content=\"4 minutes\" \/>\n<script type=\"application\/ld+json\" class=\"yoast-schema-graph\">{\"@context\":\"https:\/\/schema.org\",\"@graph\":[{\"@type\":\"WebPage\",\"@id\":\"https:\/\/wojkow.pl\/\",\"url\":\"https:\/\/wojkow.pl\/\",\"name\":\"Wojkow.pl - noclegi i pobyty grupowe w Karkonoszach\",\"isPartOf\":{\"@id\":\"https:\/\/wojkow.pl\/#website\"},\"datePublished\":\"2021-12-17T08:06:27+00:00\",\"dateModified\":\"2026-01-30T13:51:51+00:00\",\"description\":\"Zapraszamy do O\u015brodka Wojk\u00f3w w Kowarach! Komfortowe noclegi blisko Karpacza z widokiem na \u015anie\u017ck\u0119. Idealne miejsce na wypoczynek w Karkonoszach. Sprawd\u017a ofert\u0119!\",\"breadcrumb\":{\"@id\":\"https:\/\/wojkow.pl\/#breadcrumb\"},\"inLanguage\":\"en-GB\",\"potentialAction\":[{\"@type\":\"ReadAction\",\"target\":[\"https:\/\/wojkow.pl\/\"]}]},{\"@type\":\"BreadcrumbList\",\"@id\":\"https:\/\/wojkow.pl\/#breadcrumb\",\"itemListElement\":[{\"@type\":\"ListItem\",\"position\":1,\"name\":\"Strona g\u0142\u00f3wna\",\"item\":\"https:\/\/wojkow.pl\/\"},{\"@type\":\"ListItem\",\"position\":2,\"name\":\"O nas\"}]},{\"@type\":\"WebSite\",\"@id\":\"https:\/\/wojkow.pl\/#website\",\"url\":\"https:\/\/wojkow.pl\/\",\"name\":\"Wojkow.pl\",\"description\":\"noclegi i pobyty grupowe w Karkonoszach\",\"publisher\":{\"@id\":\"https:\/\/wojkow.pl\/#organization\"},\"potentialAction\":[{\"@type\":\"SearchAction\",\"target\":{\"@type\":\"EntryPoint\",\"urlTemplate\":\"https:\/\/wojkow.pl\/?s={search_term_string}\"},\"query-input\":{\"@type\":\"PropertyValueSpecification\",\"valueRequired\":true,\"valueName\":\"search_term_string\"}}],\"inLanguage\":\"en-GB\"},{\"@type\":\"Organization\",\"@id\":\"https:\/\/wojkow.pl\/#organization\",\"name\":\"Wojkow.pl\",\"url\":\"https:\/\/wojkow.pl\/\",\"logo\":{\"@type\":\"ImageObject\",\"inLanguage\":\"en-GB\",\"@id\":\"https:\/\/wojkow.pl\/#\/schema\/logo\/image\/\",\"url\":\"\",\"contentUrl\":\"\",\"caption\":\"Wojkow.pl\"},\"image\":{\"@id\":\"https:\/\/wojkow.pl\/#\/schema\/logo\/image\/\"}}]}<\/script>\n<!-- \/ Yoast SEO plugin. -->","yoast_head_json":{"title":"Wojkow.pl - accommodation and group stays in the Giant Mountains","description":"Welcome to the Wojk\u00f3w Centre in Kowary! Comfortable accommodation close to Karpacz with a view of \u015anie\u017cka. An ideal place to relax in the Karkonosze Mountains. Check out the offer!","robots":{"index":"index","follow":"follow","max-snippet":"max-snippet:-1","max-image-preview":"max-image-preview:large","max-video-preview":"max-video-preview:-1"},"canonical":"https:\/\/wojkow.pl\/en\/","og_locale":"en_GB","og_type":"article","og_title":"Wojkow.pl - noclegi i pobyty grupowe w Karkonoszach","og_description":"Zapraszamy do O\u015brodka Wojk\u00f3w w Kowarach! Komfortowe noclegi blisko Karpacza z widokiem na \u015anie\u017ck\u0119. Idealne miejsce na wypoczynek w Karkonoszach. Sprawd\u017a ofert\u0119!","og_url":"https:\/\/wojkow.pl\/en\/","og_site_name":"Wojkow.pl","article_modified_time":"2026-01-30T13:51:51+00:00","twitter_card":"summary_large_image","twitter_misc":{"Estimated reading time":"4 minutes"},"schema":{"@context":"https:\/\/schema.org","@graph":[{"@type":"WebPage","@id":"https:\/\/wojkow.pl\/","url":"https:\/\/wojkow.pl\/","name":"Wojkow.pl - accommodation and group stays in the Giant Mountains","isPartOf":{"@id":"https:\/\/wojkow.pl\/#website"},"datePublished":"2021-12-17T08:06:27+00:00","dateModified":"2026-01-30T13:51:51+00:00","description":"Welcome to the Wojk\u00f3w Centre in Kowary! Comfortable accommodation close to Karpacz with a view of \u015anie\u017cka. An ideal place to relax in the Karkonosze Mountains. Check out the offer!","breadcrumb":{"@id":"https:\/\/wojkow.pl\/#breadcrumb"},"inLanguage":"en-GB","potentialAction":[{"@type":"ReadAction","target":["https:\/\/wojkow.pl\/"]}]},{"@type":"BreadcrumbList","@id":"https:\/\/wojkow.pl\/#breadcrumb","itemListElement":[{"@type":"ListItem","position":1,"name":"Strona g\u0142\u00f3wna","item":"https:\/\/wojkow.pl\/"},{"@type":"ListItem","position":2,"name":"O nas"}]},{"@type":"WebSite","@id":"https:\/\/wojkow.pl\/#website","url":"https:\/\/wojkow.pl\/","name":"Wojkow.pl","description":"accommodation and group stays in the Giant Mountains","publisher":{"@id":"https:\/\/wojkow.pl\/#organization"},"potentialAction":[{"@type":"SearchAction","target":{"@type":"EntryPoint","urlTemplate":"https:\/\/wojkow.pl\/?s={search_term_string}"},"query-input":{"@type":"PropertyValueSpecification","valueRequired":true,"valueName":"search_term_string"}}],"inLanguage":"en-GB"},{"@type":"Organization","@id":"https:\/\/wojkow.pl\/#organization","name":"Wojkow.pl","url":"https:\/\/wojkow.pl\/","logo":{"@type":"ImageObject","inLanguage":"en-GB","@id":"https:\/\/wojkow.pl\/#\/schema\/logo\/image\/","url":"","contentUrl":"","caption":"Wojkow.pl"},"image":{"@id":"https:\/\/wojkow.pl\/#\/schema\/logo\/image\/"}}]}},"_links":{"self":[{"href":"https:\/\/wojkow.pl\/en\/wp-json\/wp\/v2\/pages\/8","targetHints":{"allow":["GET"]}}],"collection":[{"href":"https:\/\/wojkow.pl\/en\/wp-json\/wp\/v2\/pages"}],"about":[{"href":"https:\/\/wojkow.pl\/en\/wp-json\/wp\/v2\/types\/page"}],"author":[{"embeddable":true,"href":"https:\/\/wojkow.pl\/en\/wp-json\/wp\/v2\/users\/3"}],"replies":[{"embeddable":true,"href":"https:\/\/wojkow.pl\/en\/wp-json\/wp\/v2\/comments?post=8"}],"version-history":[{"count":6,"href":"https:\/\/wojkow.pl\/en\/wp-json\/wp\/v2\/pages\/8\/revisions"}],"predecessor-version":[{"id":2475,"href":"https:\/\/wojkow.pl\/en\/wp-json\/wp\/v2\/pages\/8\/revisions\/2475"}],"wp:attachment":[{"href":"https:\/\/wojkow.pl\/en\/wp-json\/wp\/v2\/media?parent=8"}],"curies":[{"name":"wp","href":"https:\/\/api.w.org\/{rel}","templated":true}]}}