{"id":1395,"date":"2024-06-11T04:24:46","date_gmt":"2024-06-11T02:24:46","guid":{"rendered":"https:\/\/medicalspa2.nfhotel.usermd.net\/?page_id=1395"},"modified":"2026-01-30T14:52:35","modified_gmt":"2026-01-30T13:52:35","slug":"area","status":"publish","type":"page","link":"https:\/\/wojkow.pl\/en\/okolica\/","title":{"rendered":"To Visit"},"content":{"rendered":"","protected":false},"excerpt":{"rendered":"","protected":false},"author":3,"featured_media":2018,"parent":0,"menu_order":0,"comment_status":"closed","ping_status":"closed","template":"","meta":{"_acf_changed":false,"footnotes":""},"class_list":["post-1395","page","type-page","status-publish","has-post-thumbnail","hentry"],"acf":[],"yoast_head":"<!-- This site is optimized with the Yoast SEO plugin v27.2 - https:\/\/yoast.com\/product\/yoast-seo-wordpress\/ -->\n<title>Okolica - Wojkow.pl<\/title>\n<meta name=\"description\" content=\"Odkryj atrakcje w pobli\u017cu O\u015brodka Wojk\u00f3w: od Karkonoszy po zabytki Kowar i blisko\u015b\u0107 Karpacza. U nas nie b\u0119dziesz si\u0119 nudzi\u0107 o \u017cadnej porze roku. Sprawd\u017a szczeg\u00f3\u0142y!\" \/>\n<meta name=\"robots\" content=\"index, follow, max-snippet:-1, max-image-preview:large, max-video-preview:-1\" \/>\n<link rel=\"canonical\" href=\"https:\/\/wojkow.pl\/en\/area\/\" \/>\n<meta property=\"og:locale\" content=\"en_GB\" \/>\n<meta property=\"og:type\" content=\"article\" \/>\n<meta property=\"og:title\" content=\"Okolica - Wojkow.pl\" \/>\n<meta property=\"og:description\" content=\"Odkryj atrakcje w pobli\u017cu O\u015brodka Wojk\u00f3w: od Karkonoszy po zabytki Kowar i blisko\u015b\u0107 Karpacza. U nas nie b\u0119dziesz si\u0119 nudzi\u0107 o \u017cadnej porze roku. Sprawd\u017a szczeg\u00f3\u0142y!\" \/>\n<meta property=\"og:url\" content=\"https:\/\/wojkow.pl\/en\/area\/\" \/>\n<meta property=\"og:site_name\" content=\"Wojkow.pl\" \/>\n<meta property=\"article:modified_time\" content=\"2026-01-30T13:52:35+00:00\" \/>\n<meta property=\"og:image\" content=\"https:\/\/wojkow.pl\/wp-content\/uploads\/2026\/01\/W-1-c-scaled.jpg\" \/>\n\t<meta property=\"og:image:width\" content=\"1620\" \/>\n\t<meta property=\"og:image:height\" content=\"1080\" \/>\n\t<meta property=\"og:image:type\" content=\"image\/jpeg\" \/>\n<meta name=\"twitter:card\" content=\"summary_large_image\" \/>\n<meta name=\"twitter:label1\" content=\"Estimated reading time\" \/>\n\t<meta name=\"twitter:data1\" content=\"4 minutes\" \/>\n<script type=\"application\/ld+json\" class=\"yoast-schema-graph\">{\"@context\":\"https:\/\/schema.org\",\"@graph\":[{\"@type\":\"WebPage\",\"@id\":\"https:\/\/wojkow.pl\/okolica\/\",\"url\":\"https:\/\/wojkow.pl\/okolica\/\",\"name\":\"Okolica - Wojkow.pl\",\"isPartOf\":{\"@id\":\"https:\/\/wojkow.pl\/#website\"},\"primaryImageOfPage\":{\"@id\":\"https:\/\/wojkow.pl\/okolica\/#primaryimage\"},\"image\":{\"@id\":\"https:\/\/wojkow.pl\/okolica\/#primaryimage\"},\"thumbnailUrl\":\"https:\/\/wojkow.pl\/wp-content\/uploads\/2026\/01\/W-1-c-scaled.jpg\",\"datePublished\":\"2024-06-11T02:24:46+00:00\",\"dateModified\":\"2026-01-30T13:52:35+00:00\",\"description\":\"Odkryj atrakcje w pobli\u017cu O\u015brodka Wojk\u00f3w: od Karkonoszy po zabytki Kowar i blisko\u015b\u0107 Karpacza. U nas nie b\u0119dziesz si\u0119 nudzi\u0107 o \u017cadnej porze roku. Sprawd\u017a szczeg\u00f3\u0142y!\",\"breadcrumb\":{\"@id\":\"https:\/\/wojkow.pl\/okolica\/#breadcrumb\"},\"inLanguage\":\"en-GB\",\"potentialAction\":[{\"@type\":\"ReadAction\",\"target\":[\"https:\/\/wojkow.pl\/okolica\/\"]}]},{\"@type\":\"ImageObject\",\"inLanguage\":\"en-GB\",\"@id\":\"https:\/\/wojkow.pl\/okolica\/#primaryimage\",\"url\":\"https:\/\/wojkow.pl\/wp-content\/uploads\/2026\/01\/W-1-c-scaled.jpg\",\"contentUrl\":\"https:\/\/wojkow.pl\/wp-content\/uploads\/2026\/01\/W-1-c-scaled.jpg\",\"width\":1620,\"height\":1080},{\"@type\":\"BreadcrumbList\",\"@id\":\"https:\/\/wojkow.pl\/okolica\/#breadcrumb\",\"itemListElement\":[{\"@type\":\"ListItem\",\"position\":1,\"name\":\"Strona g\u0142\u00f3wna\",\"item\":\"https:\/\/wojkow.pl\/\"},{\"@type\":\"ListItem\",\"position\":2,\"name\":\"Okolica\"}]},{\"@type\":\"WebSite\",\"@id\":\"https:\/\/wojkow.pl\/#website\",\"url\":\"https:\/\/wojkow.pl\/\",\"name\":\"Wojkow.pl\",\"description\":\"noclegi i pobyty grupowe w Karkonoszach\",\"publisher\":{\"@id\":\"https:\/\/wojkow.pl\/#organization\"},\"potentialAction\":[{\"@type\":\"SearchAction\",\"target\":{\"@type\":\"EntryPoint\",\"urlTemplate\":\"https:\/\/wojkow.pl\/?s={search_term_string}\"},\"query-input\":{\"@type\":\"PropertyValueSpecification\",\"valueRequired\":true,\"valueName\":\"search_term_string\"}}],\"inLanguage\":\"en-GB\"},{\"@type\":\"Organization\",\"@id\":\"https:\/\/wojkow.pl\/#organization\",\"name\":\"Wojkow.pl\",\"url\":\"https:\/\/wojkow.pl\/\",\"logo\":{\"@type\":\"ImageObject\",\"inLanguage\":\"en-GB\",\"@id\":\"https:\/\/wojkow.pl\/#\/schema\/logo\/image\/\",\"url\":\"\",\"contentUrl\":\"\",\"caption\":\"Wojkow.pl\"},\"image\":{\"@id\":\"https:\/\/wojkow.pl\/#\/schema\/logo\/image\/\"}}]}<\/script>\n<!-- \/ Yoast SEO plugin. -->","yoast_head_json":{"title":"The area - Wojkow.pl","description":"Discover attractions near the Wojk\u00f3w Center: from the Karkonosze Mountains to the historic sites of Kowary and the proximity of Karpacz. You&#039;ll never be bored here, no matter the season. Check out the details!","robots":{"index":"index","follow":"follow","max-snippet":"max-snippet:-1","max-image-preview":"max-image-preview:large","max-video-preview":"max-video-preview:-1"},"canonical":"https:\/\/wojkow.pl\/en\/area\/","og_locale":"en_GB","og_type":"article","og_title":"Okolica - Wojkow.pl","og_description":"Odkryj atrakcje w pobli\u017cu O\u015brodka Wojk\u00f3w: od Karkonoszy po zabytki Kowar i blisko\u015b\u0107 Karpacza. U nas nie b\u0119dziesz si\u0119 nudzi\u0107 o \u017cadnej porze roku. Sprawd\u017a szczeg\u00f3\u0142y!","og_url":"https:\/\/wojkow.pl\/en\/area\/","og_site_name":"Wojkow.pl","article_modified_time":"2026-01-30T13:52:35+00:00","og_image":[{"width":1620,"height":1080,"url":"https:\/\/wojkow.pl\/wp-content\/uploads\/2026\/01\/W-1-c-scaled.jpg","type":"image\/jpeg"}],"twitter_card":"summary_large_image","twitter_misc":{"Estimated reading time":"4 minutes"},"schema":{"@context":"https:\/\/schema.org","@graph":[{"@type":"WebPage","@id":"https:\/\/wojkow.pl\/okolica\/","url":"https:\/\/wojkow.pl\/okolica\/","name":"The area - Wojkow.pl","isPartOf":{"@id":"https:\/\/wojkow.pl\/#website"},"primaryImageOfPage":{"@id":"https:\/\/wojkow.pl\/okolica\/#primaryimage"},"image":{"@id":"https:\/\/wojkow.pl\/okolica\/#primaryimage"},"thumbnailUrl":"https:\/\/wojkow.pl\/wp-content\/uploads\/2026\/01\/W-1-c-scaled.jpg","datePublished":"2024-06-11T02:24:46+00:00","dateModified":"2026-01-30T13:52:35+00:00","description":"Discover attractions near the Wojk\u00f3w Center: from the Karkonosze Mountains to the historic sites of Kowary and the proximity of Karpacz. You&#039;ll never be bored here, no matter the season. Check out the details!","breadcrumb":{"@id":"https:\/\/wojkow.pl\/okolica\/#breadcrumb"},"inLanguage":"en-GB","potentialAction":[{"@type":"ReadAction","target":["https:\/\/wojkow.pl\/okolica\/"]}]},{"@type":"ImageObject","inLanguage":"en-GB","@id":"https:\/\/wojkow.pl\/okolica\/#primaryimage","url":"https:\/\/wojkow.pl\/wp-content\/uploads\/2026\/01\/W-1-c-scaled.jpg","contentUrl":"https:\/\/wojkow.pl\/wp-content\/uploads\/2026\/01\/W-1-c-scaled.jpg","width":1620,"height":1080},{"@type":"BreadcrumbList","@id":"https:\/\/wojkow.pl\/okolica\/#breadcrumb","itemListElement":[{"@type":"ListItem","position":1,"name":"Strona g\u0142\u00f3wna","item":"https:\/\/wojkow.pl\/"},{"@type":"ListItem","position":2,"name":"Okolica"}]},{"@type":"WebSite","@id":"https:\/\/wojkow.pl\/#website","url":"https:\/\/wojkow.pl\/","name":"Wojkow.pl","description":"accommodation and group stays in the Giant Mountains","publisher":{"@id":"https:\/\/wojkow.pl\/#organization"},"potentialAction":[{"@type":"SearchAction","target":{"@type":"EntryPoint","urlTemplate":"https:\/\/wojkow.pl\/?s={search_term_string}"},"query-input":{"@type":"PropertyValueSpecification","valueRequired":true,"valueName":"search_term_string"}}],"inLanguage":"en-GB"},{"@type":"Organization","@id":"https:\/\/wojkow.pl\/#organization","name":"Wojkow.pl","url":"https:\/\/wojkow.pl\/","logo":{"@type":"ImageObject","inLanguage":"en-GB","@id":"https:\/\/wojkow.pl\/#\/schema\/logo\/image\/","url":"","contentUrl":"","caption":"Wojkow.pl"},"image":{"@id":"https:\/\/wojkow.pl\/#\/schema\/logo\/image\/"}}]}},"_links":{"self":[{"href":"https:\/\/wojkow.pl\/en\/wp-json\/wp\/v2\/pages\/1395","targetHints":{"allow":["GET"]}}],"collection":[{"href":"https:\/\/wojkow.pl\/en\/wp-json\/wp\/v2\/pages"}],"about":[{"href":"https:\/\/wojkow.pl\/en\/wp-json\/wp\/v2\/types\/page"}],"author":[{"embeddable":true,"href":"https:\/\/wojkow.pl\/en\/wp-json\/wp\/v2\/users\/3"}],"replies":[{"embeddable":true,"href":"https:\/\/wojkow.pl\/en\/wp-json\/wp\/v2\/comments?post=1395"}],"version-history":[{"count":2,"href":"https:\/\/wojkow.pl\/en\/wp-json\/wp\/v2\/pages\/1395\/revisions"}],"predecessor-version":[{"id":2476,"href":"https:\/\/wojkow.pl\/en\/wp-json\/wp\/v2\/pages\/1395\/revisions\/2476"}],"wp:featuredmedia":[{"embeddable":true,"href":"https:\/\/wojkow.pl\/en\/wp-json\/wp\/v2\/media\/2018"}],"wp:attachment":[{"href":"https:\/\/wojkow.pl\/en\/wp-json\/wp\/v2\/media?parent=1395"}],"curies":[{"name":"wp","href":"https:\/\/api.w.org\/{rel}","templated":true}]}}